{"id":3118,"date":"2023-08-21T16:33:23","date_gmt":"2023-08-21T16:33:23","guid":{"rendered":"https:\/\/sururu.furniture\/politica-de-cookies\/"},"modified":"2026-03-31T09:16:30","modified_gmt":"2026-03-31T09:16:30","slug":"politica-de-cookies","status":"publish","type":"page","link":"https:\/\/sururu.furniture\/es\/politica-de-cookies\/","title":{"rendered":"Pol\u00edtica de cookies"},"content":{"rendered":"\n<figure class=\"wp-block-table\"><table class=\"has-fixed-layout\"><tbody><tr><td><strong>Uso de Cookies:<\/strong> Utilizamos cookies propias y de terceros para mejorar nuestros servicios y mostrarle publicidad relevante basada en el an\u00e1lisis de sus h\u00e1bitos de navegaci\u00f3n.<br>Al continuar navegando en nuestro sitio web, usted consiente el uso de cookies como se describe en esta pol\u00edtica.<br>Puede administrar sus preferencias de cookies en cualquier momento consultando la informaci\u00f3n detallada sobre c\u00f3mo cambiar la configuraci\u00f3n en esta pol\u00edtica. \u00a0<br><br><strong>1. Informaci\u00f3n General<\/strong><br>SURURU es una marca registrada de Endless Ingredients Lda, una empresa portuguesa con sede en Rua da Alegria, 97, 4000-042 Porto, Portugal, y con NIF 515709620. Esta Pol\u00edtica de Cookies forma parte integrante del Aviso Legal y de la Pol\u00edtica de Privacidad de Endless Ingredients LDA.<br>Al acceder y navegar por nuestro sitio web o utilizar nuestros servicios, est\u00e1 aceptando las Condiciones Generales establecidas en nuestro Aviso Legal, as\u00ed como esta Pol\u00edtica de Cookies y nuestra Pol\u00edtica de Privacidad.<br><br><strong>2. \u00bfQu\u00e9 son las Cookies?<\/strong><br>Las cookies son peque\u00f1os archivos de texto que contienen informaci\u00f3n y se descargan en su dispositivo cuando visita un sitio web.<br>El prop\u00f3sito principal de las cookies es reconocer su dispositivo en visitas posteriores, lo que nos permite mejorar la calidad y la usabilidad de nuestro sitio web.<br>Las cookies son esenciales para el funcionamiento de Internet y no da\u00f1an su dispositivo. \u00a0<br>Habilitar las cookies en la configuraci\u00f3n de su navegador nos ayuda a identificar y resolver posibles errores en nuestro sitio web.<br><br><strong>3. Tipos de Cookies<\/strong><br><strong>Cookies de Sesi\u00f3n:<\/strong> Temporales y se eliminan cuando cierra su navegador.<br>Se utilizan para identificar el tipo de dispositivo, garantizar la seguridad del sitio web y admitir la funcionalidad b\u00e1sica.<br>No recopilan informaci\u00f3n personal identificable.<br><strong>Cookies Persistentes o Permanentes:<\/strong> Se almacenan en el disco duro de su dispositivo y nuestro sitio web las lee en visitas posteriores.<br>Tienen una fecha de vencimiento, despu\u00e9s de la cual dejan de funcionar.<br>Nos permiten identificar sus preferencias y analizar el tr\u00e1fico del sitio web.<br><strong>Cookies de Funcionalidad:<\/strong> Permiten que nuestro sitio web recuerde sus elecciones y preferencias (por ejemplo, inicio de sesi\u00f3n).<br>La informaci\u00f3n recopilada es an\u00f3nima.<br><strong>Cookies de Terceros:<\/strong> Instaladas por sitios web de terceros (por ejemplo, redes sociales, Google Maps).<br>Se utilizan para rastrear sus visitas a sitios web donde se muestra publicidad.<br><strong>Cookies Anal\u00edticas:<\/strong> Se utilizan para el mantenimiento peri\u00f3dico y para garantizar el mejor funcionamiento del sitio web, recopilando datos sobre su actividad.<br><br><strong>4. Uso de Cookies por Endless Ingredients LDA<\/strong><br>Al acceder a nuestro sitio web, usted consiente expresamente el uso de cookies en sus dispositivos.<br>Deshabilitar las cookies puede afectar su experiencia de navegaci\u00f3n e impedir el correcto funcionamiento de algunas caracter\u00edsticas del sitio web.<br><strong>Cookies Propias:<\/strong> Se utilizan para reconocer su dispositivo y mejorar su experiencia.<br>Nos permiten adaptar el contenido, recopilar informaci\u00f3n sobre su \u00faltima visita y analizar el tr\u00e1fico del sitio web.<br>No recopilan informaci\u00f3n personal identificable, como n\u00fameros de tel\u00e9fono o direcciones de correo electr\u00f3nico.<br><strong>Cookies de Terceros &#8211; Google Analytics:<\/strong> Utilizamos Google Analytics, proporcionado por Google LLC, para analizar el uso del sitio web.<br>Google Analytics utiliza cookies para recopilar informaci\u00f3n sobre su actividad en el sitio web, incluida su direcci\u00f3n IP.<br>La informaci\u00f3n recopilada se transmite y almacena por Google en servidores en los Estados Unidos.<br>Google utiliza esta informaci\u00f3n para rastrear su uso del sitio web, generar informes de actividad y proporcionar otros servicios relacionados.<br>Para obtener informaci\u00f3n adicional sobre c\u00f3mo Google utiliza sus datos, le sugiero que lea la pol\u00edtica de privacidad de Google.<br>Puede rechazar el uso de cookies de Google Analytics a trav\u00e9s de la configuraci\u00f3n de su navegador o a trav\u00e9s del complemento de inhabilitaci\u00f3n para navegadores de Google Analytics.<br><br><strong>5. Gesti\u00f3n de Cookies<\/strong><br>Puede administrar sus preferencias de cookies a trav\u00e9s de la configuraci\u00f3n de su navegador.<br>La mayor\u00eda de los navegadores le permiten bloquear o eliminar cookies. \u00a0<br>Deshabilitar las cookies puede afectar su experiencia de navegaci\u00f3n en el sitio web.<br><br><strong>6. Contacto<\/strong><br>Para obtener m\u00e1s informaci\u00f3n sobre nuestra Pol\u00edtica de Cookies, p\u00f3ngase en contacto con nosotros a trav\u00e9s del correo electr\u00f3nico: furniture@sururu.com<br>Nuestra empresa tiene su sede en Portugal y opera dentro de las normas del RGPD.<\/td><\/tr><\/tbody><\/table><\/figure>\n","protected":false},"excerpt":{"rendered":"<p>Uso de Cookies: Utilizamos cookies propias y de terceros para mejorar nuestros servicios y mostrarle publicidad relevante basada en el an\u00e1lisis de sus h\u00e1bitos de navegaci\u00f3n.Al continuar navegando en nuestro sitio web, usted consiente el uso de cookies como se describe en esta pol\u00edtica.Puede administrar sus preferencias de cookies en cualquier momento consultando la informaci\u00f3n [&hellip;]<\/p>\n","protected":false},"author":1,"featured_media":0,"parent":0,"menu_order":0,"comment_status":"closed","ping_status":"closed","template":"","meta":{"_acf_changed":false,"footnotes":""},"class_list":["post-3118","page","type-page","status-publish","hentry"],"acf":[],"jetpack_sharing_enabled":true,"_links":{"self":[{"href":"https:\/\/sururu.furniture\/es\/wp-json\/wp\/v2\/pages\/3118","targetHints":{"allow":["GET"]}}],"collection":[{"href":"https:\/\/sururu.furniture\/es\/wp-json\/wp\/v2\/pages"}],"about":[{"href":"https:\/\/sururu.furniture\/es\/wp-json\/wp\/v2\/types\/page"}],"author":[{"embeddable":true,"href":"https:\/\/sururu.furniture\/es\/wp-json\/wp\/v2\/users\/1"}],"replies":[{"embeddable":true,"href":"https:\/\/sururu.furniture\/es\/wp-json\/wp\/v2\/comments?post=3118"}],"version-history":[{"count":4,"href":"https:\/\/sururu.furniture\/es\/wp-json\/wp\/v2\/pages\/3118\/revisions"}],"predecessor-version":[{"id":7226,"href":"https:\/\/sururu.furniture\/es\/wp-json\/wp\/v2\/pages\/3118\/revisions\/7226"}],"wp:attachment":[{"href":"https:\/\/sururu.furniture\/es\/wp-json\/wp\/v2\/media?parent=3118"}],"curies":[{"name":"wp","href":"https:\/\/api.w.org\/{rel}","templated":true}]}}