{"id":528,"date":"2022-12-14T14:42:06","date_gmt":"2022-12-14T14:42:06","guid":{"rendered":"https:\/\/sururu.furniture\/?page_id=528"},"modified":"2026-03-31T09:08:38","modified_gmt":"2026-03-31T09:08:38","slug":"politica-de-privacidad","status":"publish","type":"page","link":"https:\/\/sururu.furniture\/es\/politica-de-privacidad\/","title":{"rendered":"Pol\u00edtica de Privacidad"},"content":{"rendered":"\n<figure class=\"wp-block-table\"><table class=\"has-fixed-layout\"><tbody><tr><td>SURURU es una marca de ENDLESS INGREDIENTS LDA, con sede registrada en Rua da Alegria, 97, 4000-042 Porto, Portugal, NIF 515709620. Es nuestra pol\u00edtica respetar su privacidad en relaci\u00f3n con cualquier informaci\u00f3n sobre usted que podamos recopilar en el sitio web Sururu Furniture y otros sitios que poseemos y operamos, en cumplimiento del Reglamento General de Protecci\u00f3n de Datos (RGPD) y la legislaci\u00f3n portuguesa aplicable.<br><br><strong>Responsable del Tratamiento de Datos<\/strong><br>Sururu Furniture es el responsable del tratamiento de sus datos personales.<br><br><strong>Informaci\u00f3n que Recopilamos<\/strong><br>Recopilamos informaci\u00f3n personal solo cuando realmente la necesitamos para proporcionarle un servicio. La recopilaci\u00f3n se realiza de manera justa y legal, con su conocimiento y consentimiento, de acuerdo con el art\u00edculo 6 del RGPD.<br>La informaci\u00f3n recopilada puede incluir:<br>Nombre completo<br>Direcci\u00f3n de correo electr\u00f3nico<br>N\u00famero de tel\u00e9fono<br>Direcci\u00f3n (direcci\u00f3n postal)<br>N\u00famero de Identificaci\u00f3n Fiscal (NIF), si procede para fines de facturaci\u00f3n<br>Informaci\u00f3n de navegaci\u00f3n del sitio web (cookies, direcci\u00f3n IP, tipo de navegador, p\u00e1ginas visitadas, etc.)<br>Historial de compras y preferencias de productos<br><br><strong>Uso de la Informaci\u00f3n<\/strong><br>Utilizamos la informaci\u00f3n recopilada para:<br>Procesar y entregar pedidos<br>Personalizar su experiencia en el sitio web<br>Enviar comunicaciones de marketing (con su consentimiento previo)<br>Responder a consultas y proporcionar atenci\u00f3n al cliente<br>Cumplir con las obligaciones legales, incluidas las obligaciones fiscales y contables<br>Mejorar nuestros productos y servicios<br>Prevenci\u00f3n y detecci\u00f3n de fraude<br><br><strong>Base Legal para el Tratamiento de Datos<\/strong><br>El tratamiento de sus datos personales se basa en:<br>Su consentimiento (art\u00edculo 6, apartado 1, letra a) del RGPD)<br>La ejecuci\u00f3n de un contrato (art\u00edculo 6, apartado 1, letra b) del RGPD)<br>El cumplimiento de las obligaciones legales (art\u00edculo 6, apartado 1, letra c) del RGPD)<br>El inter\u00e9s leg\u00edtimo de Sururu Furniture (art\u00edculo 6, apartado 1, letra f) del RGPD), en particular para fines de marketing directo dentro de los l\u00edmites legales.<br><br><strong>Compartir Informaci\u00f3n<\/strong><br>No compartimos informaci\u00f3n de identificaci\u00f3n personal p\u00fablicamente ni con terceros, excepto cuando:<br>Sea necesario para la ejecuci\u00f3n del contrato (por ejemplo, con transportistas y procesadores de pagos).<br>Sea requerido por ley (por ejemplo, a las autoridades fiscales).<br>Con socios que nos ayudan en el funcionamiento del sitio web y la prestaci\u00f3n de servicios (por ejemplo, procesadores de pagos, servicios de entrega, empresas de marketing). En estos casos, nos aseguramos de que los terceros cumplan con el RGPD y de que existan contratos de tratamiento de datos adecuados.<br><br><strong>Cookies y Publicidad<\/strong><br>Nuestro sitio web utiliza cookies para mejorar la experiencia del usuario y mostrar anuncios relevantes. Utilizamos Google AdSense, que utiliza la cookie DoubleClick para mostrar anuncios basados en sus intereses. Puede gestionar sus preferencias de cookies en la configuraci\u00f3n de su navegador. Para m\u00e1s detalles, consulte nuestra pol\u00edtica de cookies.<br><br><strong>Sus Derechos (RGPD)<\/strong><br>Tiene los siguientes derechos con respecto a sus datos personales, de acuerdo con el RGPD:<br>Derecho de acceso (art\u00edculo 15 del RGPD)<br>Derecho de rectificaci\u00f3n (art\u00edculo 16 del RGPD)<br>Derecho de supresi\u00f3n (\u00abderecho al olvido\u00bb) (art\u00edculo 17 del RGPD)<br>Derecho a la limitaci\u00f3n del tratamiento (art\u00edculo 18 del RGPD) \u00a0<br>Derecho a la portabilidad de los datos (art\u00edculo 20 del RGPD) \u00a0<br>Derecho de oposici\u00f3n (art\u00edculo 21 del RGPD)<br>Derecho a no ser objeto de decisiones automatizadas, incluida la elaboraci\u00f3n de perfiles (art\u00edculo 22 del RGPD) \u00a0<br>Derecho a presentar una reclamaci\u00f3n ante la Comisi\u00f3n Nacional de Protecci\u00f3n de Datos (CNPD).<br>Para ejercer estos derechos, p\u00f3ngase en contacto con nosotros en el correo electr\u00f3nico: furniture@sururu.co<br><br><strong>Seguridad de los Datos<\/strong><br>Tomamos medidas de seguridad t\u00e9cnicas y organizativas adecuadas para proteger sus datos contra p\u00e9rdida, robo, acceso no autorizado, divulgaci\u00f3n, copia, uso o modificaci\u00f3n, de conformidad con el art\u00edculo 32 del RGPD.<br><br><strong>Per\u00edodo de Conservaci\u00f3n de Datos<\/strong><br>Conservamos sus datos personales durante el tiempo necesario para cumplir con los fines para los<\/td><\/tr><\/tbody><\/table><\/figure>\n","protected":false},"excerpt":{"rendered":"<p>SURURU es una marca de ENDLESS INGREDIENTS LDA, con sede registrada en Rua da Alegria, 97, 4000-042 Porto, Portugal, NIF 515709620. Es nuestra pol\u00edtica respetar su privacidad en relaci\u00f3n con cualquier informaci\u00f3n sobre usted que podamos recopilar en el sitio web Sururu Furniture y otros sitios que poseemos y operamos, en cumplimiento del Reglamento General [&hellip;]<\/p>\n","protected":false},"author":1,"featured_media":0,"parent":0,"menu_order":0,"comment_status":"closed","ping_status":"closed","template":"","meta":{"_acf_changed":false,"footnotes":""},"class_list":["post-528","page","type-page","status-publish","hentry"],"acf":[],"jetpack_sharing_enabled":true,"_links":{"self":[{"href":"https:\/\/sururu.furniture\/es\/wp-json\/wp\/v2\/pages\/528","targetHints":{"allow":["GET"]}}],"collection":[{"href":"https:\/\/sururu.furniture\/es\/wp-json\/wp\/v2\/pages"}],"about":[{"href":"https:\/\/sururu.furniture\/es\/wp-json\/wp\/v2\/types\/page"}],"author":[{"embeddable":true,"href":"https:\/\/sururu.furniture\/es\/wp-json\/wp\/v2\/users\/1"}],"replies":[{"embeddable":true,"href":"https:\/\/sururu.furniture\/es\/wp-json\/wp\/v2\/comments?post=528"}],"version-history":[{"count":5,"href":"https:\/\/sururu.furniture\/es\/wp-json\/wp\/v2\/pages\/528\/revisions"}],"predecessor-version":[{"id":7224,"href":"https:\/\/sururu.furniture\/es\/wp-json\/wp\/v2\/pages\/528\/revisions\/7224"}],"wp:attachment":[{"href":"https:\/\/sururu.furniture\/es\/wp-json\/wp\/v2\/media?parent=528"}],"curies":[{"name":"wp","href":"https:\/\/api.w.org\/{rel}","templated":true}]}}