{"id":5077,"date":"2025-08-02T20:01:24","date_gmt":"2025-08-02T20:01:24","guid":{"rendered":"https:\/\/sururu.furniture\/?post_type=product&#038;p=5077"},"modified":"2026-02-05T10:02:53","modified_gmt":"2026-02-05T10:02:53","slug":"mesa-de-centro-02","status":"publish","type":"product","link":"https:\/\/sururu.furniture\/es\/mesa-de-centro-02\/","title":{"rendered":"mesa de centro 02"},"content":{"rendered":"\n<blockquote class=\"wp-block-quote has-text-align-center is-layout-flow wp-block-quote-is-layout-flow\">\n<p class=\"has-medium-font-size\"><\/p>\n<\/blockquote>\n\n\n\n<figure class=\"wp-block-gallery has-nested-images columns-default is-cropped wp-block-gallery-1 is-layout-flex wp-block-gallery-is-layout-flex\">\n<figure class=\"wp-block-image size-full\"><img loading=\"lazy\" decoding=\"async\" width=\"1000\" height=\"667\" data-id=\"5281\" src=\"https:\/\/sururu.furniture\/wp-content\/uploads\/2025\/08\/ARV08091.jpg\" alt=\"\" class=\"wp-image-5281\" srcset=\"https:\/\/sururu.furniture\/wp-content\/uploads\/2025\/08\/ARV08091.jpg 1000w, https:\/\/sururu.furniture\/wp-content\/uploads\/2025\/08\/ARV08091-600x400.jpg 600w, https:\/\/sururu.furniture\/wp-content\/uploads\/2025\/08\/ARV08091-300x200.jpg 300w, https:\/\/sururu.furniture\/wp-content\/uploads\/2025\/08\/ARV08091-768x512.jpg 768w, https:\/\/sururu.furniture\/wp-content\/uploads\/2025\/08\/ARV08091-500x334.jpg 500w, https:\/\/sururu.furniture\/wp-content\/uploads\/2025\/08\/ARV08091-800x534.jpg 800w\" sizes=\"auto, (max-width: 1000px) 100vw, 1000px\" \/><\/figure>\n\n\n\n<figure class=\"wp-block-image size-full\"><img loading=\"lazy\" decoding=\"async\" width=\"1000\" height=\"667\" data-id=\"5296\" src=\"https:\/\/sururu.furniture\/wp-content\/uploads\/2025\/08\/ARV08109.jpg\" alt=\"\" class=\"wp-image-5296\" srcset=\"https:\/\/sururu.furniture\/wp-content\/uploads\/2025\/08\/ARV08109.jpg 1000w, https:\/\/sururu.furniture\/wp-content\/uploads\/2025\/08\/ARV08109-600x400.jpg 600w, https:\/\/sururu.furniture\/wp-content\/uploads\/2025\/08\/ARV08109-300x200.jpg 300w, https:\/\/sururu.furniture\/wp-content\/uploads\/2025\/08\/ARV08109-768x512.jpg 768w, https:\/\/sururu.furniture\/wp-content\/uploads\/2025\/08\/ARV08109-500x334.jpg 500w, https:\/\/sururu.furniture\/wp-content\/uploads\/2025\/08\/ARV08109-800x534.jpg 800w\" sizes=\"auto, (max-width: 1000px) 100vw, 1000px\" \/><\/figure>\n<\/figure>\n\n\n\n<figure class=\"wp-block-gallery has-nested-images columns-default is-cropped wp-block-gallery-2 is-layout-flex wp-block-gallery-is-layout-flex\">\n<figure class=\"wp-block-image size-full\"><img loading=\"lazy\" decoding=\"async\" width=\"1000\" height=\"667\" data-id=\"5287\" src=\"https:\/\/sururu.furniture\/wp-content\/uploads\/2025\/08\/ARV08105.jpg\" alt=\"\" class=\"wp-image-5287\" srcset=\"https:\/\/sururu.furniture\/wp-content\/uploads\/2025\/08\/ARV08105.jpg 1000w, https:\/\/sururu.furniture\/wp-content\/uploads\/2025\/08\/ARV08105-600x400.jpg 600w, https:\/\/sururu.furniture\/wp-content\/uploads\/2025\/08\/ARV08105-300x200.jpg 300w, https:\/\/sururu.furniture\/wp-content\/uploads\/2025\/08\/ARV08105-768x512.jpg 768w, https:\/\/sururu.furniture\/wp-content\/uploads\/2025\/08\/ARV08105-500x334.jpg 500w, https:\/\/sururu.furniture\/wp-content\/uploads\/2025\/08\/ARV08105-800x534.jpg 800w\" sizes=\"auto, (max-width: 1000px) 100vw, 1000px\" \/><\/figure>\n\n\n\n<figure class=\"wp-block-image size-full\"><img loading=\"lazy\" decoding=\"async\" width=\"1000\" height=\"667\" data-id=\"5290\" src=\"https:\/\/sururu.furniture\/wp-content\/uploads\/2025\/08\/ARV08093.jpg\" alt=\"\" class=\"wp-image-5290\" srcset=\"https:\/\/sururu.furniture\/wp-content\/uploads\/2025\/08\/ARV08093.jpg 1000w, https:\/\/sururu.furniture\/wp-content\/uploads\/2025\/08\/ARV08093-600x400.jpg 600w, https:\/\/sururu.furniture\/wp-content\/uploads\/2025\/08\/ARV08093-300x200.jpg 300w, https:\/\/sururu.furniture\/wp-content\/uploads\/2025\/08\/ARV08093-768x512.jpg 768w, https:\/\/sururu.furniture\/wp-content\/uploads\/2025\/08\/ARV08093-500x334.jpg 500w, https:\/\/sururu.furniture\/wp-content\/uploads\/2025\/08\/ARV08093-800x534.jpg 800w\" sizes=\"auto, (max-width: 1000px) 100vw, 1000px\" \/><\/figure>\n<\/figure>\n\n\n\n<figure class=\"wp-block-image size-full\"><img loading=\"lazy\" decoding=\"async\" width=\"1000\" height=\"667\" src=\"https:\/\/sururu.furniture\/wp-content\/uploads\/2025\/08\/ARV08108.jpg\" alt=\"\" class=\"wp-image-5284\" srcset=\"https:\/\/sururu.furniture\/wp-content\/uploads\/2025\/08\/ARV08108.jpg 1000w, https:\/\/sururu.furniture\/wp-content\/uploads\/2025\/08\/ARV08108-600x400.jpg 600w, https:\/\/sururu.furniture\/wp-content\/uploads\/2025\/08\/ARV08108-300x200.jpg 300w, https:\/\/sururu.furniture\/wp-content\/uploads\/2025\/08\/ARV08108-768x512.jpg 768w, https:\/\/sururu.furniture\/wp-content\/uploads\/2025\/08\/ARV08108-500x334.jpg 500w, https:\/\/sururu.furniture\/wp-content\/uploads\/2025\/08\/ARV08108-800x534.jpg 800w\" sizes=\"auto, (max-width: 1000px) 100vw, 1000px\" \/><\/figure>\n\n\n\n<figure class=\"wp-block-gallery has-nested-images columns-default is-cropped wp-block-gallery-3 is-layout-flex wp-block-gallery-is-layout-flex\">\n<figure class=\"wp-block-image size-full\"><img loading=\"lazy\" decoding=\"async\" width=\"1000\" height=\"667\" data-id=\"5293\" src=\"https:\/\/sururu.furniture\/wp-content\/uploads\/2025\/08\/ARV08094.jpg\" alt=\"\" class=\"wp-image-5293\" srcset=\"https:\/\/sururu.furniture\/wp-content\/uploads\/2025\/08\/ARV08094.jpg 1000w, https:\/\/sururu.furniture\/wp-content\/uploads\/2025\/08\/ARV08094-600x400.jpg 600w, https:\/\/sururu.furniture\/wp-content\/uploads\/2025\/08\/ARV08094-300x200.jpg 300w, https:\/\/sururu.furniture\/wp-content\/uploads\/2025\/08\/ARV08094-768x512.jpg 768w, https:\/\/sururu.furniture\/wp-content\/uploads\/2025\/08\/ARV08094-500x334.jpg 500w, https:\/\/sururu.furniture\/wp-content\/uploads\/2025\/08\/ARV08094-800x534.jpg 800w\" sizes=\"auto, (max-width: 1000px) 100vw, 1000px\" \/><\/figure>\n\n\n\n<figure class=\"wp-block-image size-full\"><img loading=\"lazy\" decoding=\"async\" width=\"667\" height=\"1000\" data-id=\"5299\" src=\"https:\/\/sururu.furniture\/wp-content\/uploads\/2025\/08\/ARV08106.jpg\" alt=\"\" class=\"wp-image-5299\" srcset=\"https:\/\/sururu.furniture\/wp-content\/uploads\/2025\/08\/ARV08106.jpg 667w, https:\/\/sururu.furniture\/wp-content\/uploads\/2025\/08\/ARV08106-400x600.jpg 400w, https:\/\/sururu.furniture\/wp-content\/uploads\/2025\/08\/ARV08106-200x300.jpg 200w, https:\/\/sururu.furniture\/wp-content\/uploads\/2025\/08\/ARV08106-500x750.jpg 500w\" sizes=\"auto, (max-width: 667px) 100vw, 667px\" \/><\/figure>\n<\/figure>\n","protected":false},"excerpt":{"rendered":"<p><span data-sheets-root=\"1\">mesa de centro minimalista hecha completamente en contrachapado mar\u00edtimo de alta calidad. dise\u00f1ada para ofrecer estabilidad y durabilidad, con un dise\u00f1o sencillo que se integra perfectamente en cualquier ambiente.<\/span><\/p>\n<p>&nbsp;<\/p>\n","protected":false},"featured_media":6997,"template":"","meta":{"_acf_changed":true},"product_brand":[],"product_cat":[58],"product_tag":[],"class_list":{"0":"post-5077","1":"product","2":"type-product","3":"status-publish","4":"has-post-thumbnail","6":"product_cat-mesas-es","8":"first","9":"instock","10":"sale","11":"taxable","12":"shipping-taxable","13":"purchasable","14":"product-type-simple"},"acf":[],"jetpack_sharing_enabled":true,"_links":{"self":[{"href":"https:\/\/sururu.furniture\/es\/wp-json\/wp\/v2\/product\/5077","targetHints":{"allow":["GET"]}}],"collection":[{"href":"https:\/\/sururu.furniture\/es\/wp-json\/wp\/v2\/product"}],"about":[{"href":"https:\/\/sururu.furniture\/es\/wp-json\/wp\/v2\/types\/product"}],"wp:featuredmedia":[{"embeddable":true,"href":"https:\/\/sururu.furniture\/es\/wp-json\/wp\/v2\/media\/6997"}],"wp:attachment":[{"href":"https:\/\/sururu.furniture\/es\/wp-json\/wp\/v2\/media?parent=5077"}],"wp:term":[{"taxonomy":"product_brand","embeddable":true,"href":"https:\/\/sururu.furniture\/es\/wp-json\/wp\/v2\/product_brand?post=5077"},{"taxonomy":"product_cat","embeddable":true,"href":"https:\/\/sururu.furniture\/es\/wp-json\/wp\/v2\/product_cat?post=5077"},{"taxonomy":"product_tag","embeddable":true,"href":"https:\/\/sururu.furniture\/es\/wp-json\/wp\/v2\/product_tag?post=5077"}],"curies":[{"name":"wp","href":"https:\/\/api.w.org\/{rel}","templated":true}]}}